{"id":153,"date":"2017-04-26T15:48:18","date_gmt":"2017-04-26T13:48:18","guid":{"rendered":"https:\/\/www.csep.fr\/?page_id=153"},"modified":"2018-11-28T15:26:05","modified_gmt":"2018-11-28T14:26:05","slug":"legal-notices-and-credits","status":"publish","type":"page","link":"https:\/\/www.csep.fr\/en\/legal-notices-and-credits\/","title":{"rendered":"Legal notices and credits"},"content":{"rendered":"<div class=\"wpb-content-wrapper\"><p>[vc_row][vc_column width=&#8221;1\/6&#8243;][\/vc_column][vc_column width=&#8221;2\/3&#8243;][vc_column_text]<\/p>\n<h3>Object<\/h3>\n<p>[\/vc_column_text][vc_column_text]<\/p>\n<div class=\"wpb_text_column wpb_content_element \">\n<div class=\"wpb_wrapper\">\n<p style=\"text-align: justify;\">The purpose of these Terms and Conditions is to define the terms and conditions for making the services available on the site\u00a0<a href=\"http:\/\/www.csep.fr\/\">www.csep.fr<\/a>, hereinafter named \u00ab le Service \u00bb and the conditions of use of the Service by the User.<\/p>\n<p style=\"text-align: justify;\">Any access and \/ or use of the Service implies the acceptance and the respect of all the terms of these Conditions and their unconditional acceptance. They therefore constitute a contract between the Service and the User.<\/p>\n<p style=\"text-align: justify;\">In the event that the User does not wish to accept all or part of the present general conditions, he is asked to give up any use of the Service.<\/p>\n<\/div>\n<\/div>\n<div class=\"wpb_text_column wpb_content_element \">\n<div class=\"wpb_wrapper\" style=\"text-align: justify;\"><\/div>\n<\/div>\n<p>[\/vc_column_text][vc_column_text]<\/p>\n<h3>Editor<\/h3>\n<p>[\/vc_column_text][vc_column_text]The service is edited by : S.A. C.S.E.P.<\/p>\n<p>Adress : 76 avenue du Midi<br \/>\nCP : 63800<br \/>\nCity : Cournon d\u2019Auvergne \/ France<br \/>\nPhone : +33(0)4 73 84 69 60<br \/>\nN\u00b0 de SIRET : 398785816<br \/>\nTVA Intra-communautaire : FR6398785816<br \/>\nE-mail address : <a href=\"mailto:mcamus@csep.fr\">mcamus@csep.fr<\/a>[\/vc_column_text][vc_column_text]<\/p>\n<h3>Creation and hosting of the website<\/h3>\n<p>[\/vc_column_text][vc_column_text]Agence Scopika, 15 Rue du Pr\u00e9 La Reine 63100 Clermont-Ferrand.<br \/>\nH\u00e9bergement du site : Serveur d\u00e9di\u00e9[\/vc_column_text][vc_column_text]<\/p>\n<h3>Photo credits<\/h3>\n<p>[\/vc_column_text][vc_column_text]<\/p>\n<div class=\"wpb_text_column wpb_content_element \">\n<div class=\"wpb_wrapper\">\n<p>Fotolia \/ CSEP<\/p>\n<\/div>\n<\/div>\n<div class=\"wpb_text_column wpb_content_element \">\n<div class=\"wpb_wrapper\"><\/div>\n<\/div>\n<p>[\/vc_column_text][vc_column_text]<\/p>\n<h3>D\u00e9finitions<\/h3>\n<p>[\/vc_column_text][vc_column_text]<\/p>\n<p style=\"text-align: justify;\">User: The User is anyone who uses the Site or any of the services offered on the Site.<br \/>\nUser Content: The term \u201cUser Content\u201d refers to the data transmitted by the User in the different sections of the Site.<br \/>\nMember: The term \u201cMember\u201d refers to a user identified on the site.<br \/>\nIdentifier: The term \u201cIdentifier\u201d covers the information necessary to identify a user on the site to access the areas reserved for members.<br \/>\nPassword: The \u201cPassword\u201d is confidential information, which the User must keep secret, allowing him, used together with his ID, to prove the identity.<\/p>\n<p>[\/vc_column_text][vc_column_text]<\/p>\n<div class=\"wpb_text_column wpb_content_element \">\n<div class=\"wpb_wrapper\">\n<h3>Service access<\/h3>\n<\/div>\n<\/div>\n<div class=\"wpb_text_column wpb_content_element \">\n<div class=\"wpb_wrapper\"><\/div>\n<\/div>\n<p>[\/vc_column_text][vc_column_text]<\/p>\n<p style=\"text-align: justify;\">The Service is accessible free of charge to any User who has access to the Internet. All costs related to access to the Service, whether material costs, software or Internet access are exclusively the responsibility of the user. He is solely responsible for the proper functioning of his computer equipment as well as his access to the Internet.<\/p>\n<p style=\"text-align: justify;\">Some sections of the site are reserved for Members after identification using their Username and Password.<\/p>\n<p style=\"text-align: justify;\">The Service reserves the right to refuse access to the Service, unilaterally and without prior notice, to any User who does not comply with these terms of use.<\/p>\n<p style=\"text-align: justify;\">The Service implements all reasonable means at its disposal to ensure quality access to the Service, but is under no obligation to do so.<\/p>\n<p style=\"text-align: justify;\">The Service can not be held responsible for any malfunction of the network or servers or any other event beyond the reasonable control that would prevent or degrade access to the Service.<\/p>\n<p style=\"text-align: justify;\">The Service reserves the right to interrupt, temporarily suspend or modify without notice access to all or part of the Service, in order to maintain it, or for any other reason, without interrupting it. right to no obligation or compensation.<\/p>\n<p>[\/vc_column_text][vc_column_text]<\/p>\n<h3>Intellectual property<\/h3>\n<p>[\/vc_column_text][vc_column_text]<\/p>\n<p style=\"text-align: justify;\">The Service, including its content, is protected by the law in force in France. The Service is the exclusive owner of all intellectual property rights on the site and its content (texts, photographs, illustrations, images, logos, etc.).<\/p>\n<p style=\"text-align: justify;\">The content reproduced on the Site is the subject of a copyright and its reproduction or distribution, without the express written permission of The Service, constitutes an infringement punishable by criminal penalties.<\/p>\n<p style=\"text-align: justify;\">CSEP is a registered denomination of the Service. Any unauthorized reproduction of these trademarks, logos and distinctive signs constitutes an infringement punishable by criminal penalties. The offender is liable to civil and criminal penalties, including the penalties provided for in Articles L. 335.2 and L. 343.1 of the Intellectual Property Code.<\/p>\n<p style=\"text-align: justify;\">The User is solely responsible for the User Content that he uploads via the Service, as well as texts and \/ or opinions that he formulates. The User expressly cedes to the Service all intellectual property rights relating thereto and in particular the right of reproduction, representation and adaptation, for the legal term of protection of copyright. It undertakes in particular that these data are not likely to affect the legitimate interests of third parties whatsoever. As such, it guarantees the Service against any recourse, based directly or indirectly on these remarks and \/ or data, likely to be brought by anyone against the Service. In particular, he undertakes to pay the sums, whatever they may be, resulting from the recourse of a third party against the Service, including legal fees and legal costs.<\/p>\n<p style=\"text-align: justify;\">The Service reserves the right to delete all or part of the User Content, at any time and for any reason, without notice or prior justification. The User can not make any claim in this respect.<\/p>\n<p>[\/vc_column_text][vc_column_text]<\/p>\n<div class=\"wpb_text_column wpb_content_element \">\n<div class=\"wpb_wrapper\">\n<h3>Personal data<\/h3>\n<\/div>\n<\/div>\n<div class=\"wpb_text_column wpb_content_element \">\n<h3 class=\"wpb_wrapper\"><\/h3>\n<\/div>\n<p>[\/vc_column_text][vc_column_text]<\/p>\n<p style=\"text-align: justify;\">In a logic of respect for the privacy of its Users, The Service undertakes that the collection and processing of personal information, carried out within this site, shall be carried out in accordance with the law n \u00b0 78-17 of January 6, 1978 relating to computers, files and freedoms, known as the \u201cInformatique et Libert\u00e9s\u201d law.The site is not declared to the CNIL because it does not collect personal data.<\/p>\n<p style=\"text-align: justify;\">In accordance with Article 34 of the \u201cInformatique et Libert\u00e9s\u201d law, the Service guarantees the User the right to oppose, access and rectify personal data concerning him.<\/p>\n<p style=\"text-align: justify;\">The User has the possibility to exercise this right by coming directly in contact by the following address : <a href=\"mailto:mcamus@csep.fr\">mcamus@csep.fr<\/a><\/p>\n<p>[\/vc_column_text][vc_column_text]<\/p>\n<h3>Limits of liability<\/h3>\n<p>[\/vc_column_text][vc_column_text]<\/p>\n<p style=\"text-align: justify;\">The information disseminated on the Service comes from reputable sources. However, the Service can not guarantee the accuracy or relevance of this data. In addition, the information provided on this site is for informational purposes only and does not constitute in any way advice or a recommendation of any nature whatsoever.<\/p>\n<p style=\"text-align: justify;\">Accordingly, the use of information and content available on the entire site, can not in any way engage the responsibility of the Service, for any reason whatsoever. The User is solely responsible for the proper use, with discernment and wit, of the information made available on the Site.<\/p>\n<p style=\"text-align: justify;\">Furthermore, the user undertakes to indemnify the Service for any harmful consequences directly or indirectly related to the use he makes of the Service.<\/p>\n<p style=\"text-align: justify;\">Access to certain sections of the Service requires the use of an Identifier and a Password. The password, chosen by the user, is personal and confidential. The user undertakes to keep his password secret and not to disclose it in any form whatsoever. The use of his username and password through the internet is at the risk and peril of the user. It is the User\u2019s responsibility to take all necessary measures to protect his own data against any infringement.<\/p>\n<p style=\"text-align: justify;\">The Service nevertheless undertakes to put in place all the necessary means to guarantee the security and confidentiality of the data transmitted. The User is informed that one or more cookies, containing no personal information, may be placed on his hard drive to ensure his identification.<\/p>\n<p style=\"text-align: justify;\">The User admits to know the limitations and constraints specific to the internet network and, as such, recognizes in particular the impossibility of a total guarantee of the security of the exchanges of data.The Service can not be held liable for damages resulting from the transmission of any information, including that of its username and \/ or password, via the Service.<\/p>\n<p style=\"text-align: justify;\">The Service shall in no case, within the limits of applicable law, be held liable for damage and \/ or damage, direct or indirect, material or immaterial, or of any nature whatsoever, resulting from unavailability of the Service or from any Use of the Service. The term \u201cuse\u201d should be understood in the broad sense, that is to say any use of the site whatsoever, lawful or not.<\/p>\n<p style=\"text-align: justify;\">The User undertakes, in a general way, to respect all the regulations in force in France.<\/p>\n<p>[\/vc_column_text][vc_column_text]<\/p>\n<h3>Absolute necessity<\/h3>\n<p>[\/vc_column_text][vc_column_text]The responsibility of the Service can not be engaged in case of force majeure or facts beyond its control.<\/p>\n<p>Evolution of this contract: the Service reserves the right to modify the terms, conditions and mentions of this contract at any time.<\/p>\n<p>It is thus advised to the User to regularly consult the last version of the Terms of Use available on the Service.[\/vc_column_text][vc_column_text]<\/p>\n<div class=\"wpb_text_column wpb_content_element \">\n<div class=\"wpb_wrapper\">\n<h3>Duration and termination<\/h3>\n<\/div>\n<\/div>\n<div class=\"wpb_text_column wpb_content_element \">\n<div class=\"wpb_wrapper\"><\/div>\n<\/div>\n<p>[\/vc_column_text][vc_column_text]This contract is concluded for an indefinite period from the use of the Service by the User.[\/vc_column_text][vc_column_text]<\/p>\n<h3>Applicable law and competent jurisdiction<\/h3>\n<p>[\/vc_column_text][vc_column_text]<\/p>\n<p style=\"text-align: justify;\">The rules of law, applicable to content and data transmissions on and around the site, are determined by French law. In case of dispute, not being able to be the subject of an amicable agreement, only the French courts within the competence of the court of appeal of Clermont-ferrand are competent.<\/p>\n<p>[\/vc_column_text][\/vc_column][vc_column width=&#8221;1\/6&#8243;][\/vc_column][\/vc_row]<\/p>\n<\/div>","protected":false},"excerpt":{"rendered":"<p>[vc_row][vc_column width=&#8221;1\/6&#8243;][\/vc_column][vc_column width=&#8221;2\/3&#8243;][vc_column_text] Object [\/vc_column_text][vc_column_text] The purpose of these Terms and Conditions is to define the terms and conditions for making the services available on the site\u00a0www.csep.fr, hereinafter named \u00ab le Service \u00bb and the conditions of use of the Service by the User. Any access and \/ or use of the Service implies the [&hellip;]<\/p>\n","protected":false},"author":1,"featured_media":0,"parent":0,"menu_order":0,"comment_status":"closed","ping_status":"closed","template":"","meta":{"footnotes":""},"class_list":["post-153","page","type-page","status-publish","hentry"],"yoast_head":"<!-- This site is optimized with the Yoast SEO plugin v26.7 - https:\/\/yoast.com\/wordpress\/plugins\/seo\/ -->\n<title>Legal notices and credits - CS Export Pharma<\/title>\n<meta name=\"robots\" content=\"index, follow, max-snippet:-1, max-image-preview:large, max-video-preview:-1\" \/>\n<link rel=\"canonical\" href=\"https:\/\/www.csep.fr\/en\/legal-notices-and-credits\/\" \/>\n<meta property=\"og:locale\" content=\"en_US\" \/>\n<meta property=\"og:type\" content=\"article\" \/>\n<meta property=\"og:title\" content=\"Legal notices and credits - CS Export Pharma\" \/>\n<meta property=\"og:description\" content=\"[vc_row][vc_column width=&#8221;1\/6&#8243;][\/vc_column][vc_column width=&#8221;2\/3&#8243;][vc_column_text] Object [\/vc_column_text][vc_column_text] The purpose of these Terms and Conditions is to define the terms and conditions for making the services available on the site\u00a0www.csep.fr, hereinafter named \u00ab le Service \u00bb and the conditions of use of the Service by the User. Any access and \/ or use of the Service implies the [&hellip;]\" \/>\n<meta property=\"og:url\" content=\"https:\/\/www.csep.fr\/en\/legal-notices-and-credits\/\" \/>\n<meta property=\"og:site_name\" content=\"CS Export Pharma\" \/>\n<meta property=\"article:modified_time\" content=\"2018-11-28T14:26:05+00:00\" \/>\n<meta property=\"og:image\" content=\"https:\/\/www.csep.fr\/wp-content\/uploads\/2018\/07\/logo-cfp-export-pharma.png\" \/>\n\t<meta property=\"og:image:width\" content=\"340\" \/>\n\t<meta property=\"og:image:height\" content=\"198\" \/>\n\t<meta property=\"og:image:type\" content=\"image\/png\" \/>\n<meta name=\"twitter:card\" content=\"summary_large_image\" \/>\n<meta name=\"twitter:label1\" content=\"Est. reading time\" \/>\n\t<meta name=\"twitter:data1\" content=\"8 minutes\" \/>\n<script type=\"application\/ld+json\" class=\"yoast-schema-graph\">{\"@context\":\"https:\/\/schema.org\",\"@graph\":[{\"@type\":\"WebPage\",\"@id\":\"https:\/\/www.csep.fr\/en\/legal-notices-and-credits\/\",\"url\":\"https:\/\/www.csep.fr\/en\/legal-notices-and-credits\/\",\"name\":\"Legal notices and credits - CS Export Pharma\",\"isPartOf\":{\"@id\":\"https:\/\/www.csep.fr\/#website\"},\"datePublished\":\"2017-04-26T13:48:18+00:00\",\"dateModified\":\"2018-11-28T14:26:05+00:00\",\"breadcrumb\":{\"@id\":\"https:\/\/www.csep.fr\/en\/legal-notices-and-credits\/#breadcrumb\"},\"inLanguage\":\"en-US\",\"potentialAction\":[{\"@type\":\"ReadAction\",\"target\":[\"https:\/\/www.csep.fr\/en\/legal-notices-and-credits\/\"]}]},{\"@type\":\"BreadcrumbList\",\"@id\":\"https:\/\/www.csep.fr\/en\/legal-notices-and-credits\/#breadcrumb\",\"itemListElement\":[{\"@type\":\"ListItem\",\"position\":1,\"name\":\"Accueil\",\"item\":\"https:\/\/www.csep.fr\/en\/\"},{\"@type\":\"ListItem\",\"position\":2,\"name\":\"Legal notices and credits\"}]},{\"@type\":\"WebSite\",\"@id\":\"https:\/\/www.csep.fr\/#website\",\"url\":\"https:\/\/www.csep.fr\/\",\"name\":\"CS Export Pharma\",\"description\":\"\",\"potentialAction\":[{\"@type\":\"SearchAction\",\"target\":{\"@type\":\"EntryPoint\",\"urlTemplate\":\"https:\/\/www.csep.fr\/?s={search_term_string}\"},\"query-input\":{\"@type\":\"PropertyValueSpecification\",\"valueRequired\":true,\"valueName\":\"search_term_string\"}}],\"inLanguage\":\"en-US\"}]}<\/script>\n<!-- \/ Yoast SEO plugin. -->","yoast_head_json":{"title":"Legal notices and credits - CS Export Pharma","robots":{"index":"index","follow":"follow","max-snippet":"max-snippet:-1","max-image-preview":"max-image-preview:large","max-video-preview":"max-video-preview:-1"},"canonical":"https:\/\/www.csep.fr\/en\/legal-notices-and-credits\/","og_locale":"en_US","og_type":"article","og_title":"Legal notices and credits - CS Export Pharma","og_description":"[vc_row][vc_column width=&#8221;1\/6&#8243;][\/vc_column][vc_column width=&#8221;2\/3&#8243;][vc_column_text] Object [\/vc_column_text][vc_column_text] The purpose of these Terms and Conditions is to define the terms and conditions for making the services available on the site\u00a0www.csep.fr, hereinafter named \u00ab le Service \u00bb and the conditions of use of the Service by the User. Any access and \/ or use of the Service implies the [&hellip;]","og_url":"https:\/\/www.csep.fr\/en\/legal-notices-and-credits\/","og_site_name":"CS Export Pharma","article_modified_time":"2018-11-28T14:26:05+00:00","og_image":[{"width":340,"height":198,"url":"https:\/\/www.csep.fr\/wp-content\/uploads\/2018\/07\/logo-cfp-export-pharma.png","type":"image\/png"}],"twitter_card":"summary_large_image","twitter_misc":{"Est. reading time":"8 minutes"},"schema":{"@context":"https:\/\/schema.org","@graph":[{"@type":"WebPage","@id":"https:\/\/www.csep.fr\/en\/legal-notices-and-credits\/","url":"https:\/\/www.csep.fr\/en\/legal-notices-and-credits\/","name":"Legal notices and credits - CS Export Pharma","isPartOf":{"@id":"https:\/\/www.csep.fr\/#website"},"datePublished":"2017-04-26T13:48:18+00:00","dateModified":"2018-11-28T14:26:05+00:00","breadcrumb":{"@id":"https:\/\/www.csep.fr\/en\/legal-notices-and-credits\/#breadcrumb"},"inLanguage":"en-US","potentialAction":[{"@type":"ReadAction","target":["https:\/\/www.csep.fr\/en\/legal-notices-and-credits\/"]}]},{"@type":"BreadcrumbList","@id":"https:\/\/www.csep.fr\/en\/legal-notices-and-credits\/#breadcrumb","itemListElement":[{"@type":"ListItem","position":1,"name":"Accueil","item":"https:\/\/www.csep.fr\/en\/"},{"@type":"ListItem","position":2,"name":"Legal notices and credits"}]},{"@type":"WebSite","@id":"https:\/\/www.csep.fr\/#website","url":"https:\/\/www.csep.fr\/","name":"CS Export Pharma","description":"","potentialAction":[{"@type":"SearchAction","target":{"@type":"EntryPoint","urlTemplate":"https:\/\/www.csep.fr\/?s={search_term_string}"},"query-input":{"@type":"PropertyValueSpecification","valueRequired":true,"valueName":"search_term_string"}}],"inLanguage":"en-US"}]}},"_links":{"self":[{"href":"https:\/\/www.csep.fr\/en\/wp-json\/wp\/v2\/pages\/153","targetHints":{"allow":["GET"]}}],"collection":[{"href":"https:\/\/www.csep.fr\/en\/wp-json\/wp\/v2\/pages"}],"about":[{"href":"https:\/\/www.csep.fr\/en\/wp-json\/wp\/v2\/types\/page"}],"author":[{"embeddable":true,"href":"https:\/\/www.csep.fr\/en\/wp-json\/wp\/v2\/users\/1"}],"replies":[{"embeddable":true,"href":"https:\/\/www.csep.fr\/en\/wp-json\/wp\/v2\/comments?post=153"}],"version-history":[{"count":10,"href":"https:\/\/www.csep.fr\/en\/wp-json\/wp\/v2\/pages\/153\/revisions"}],"predecessor-version":[{"id":704,"href":"https:\/\/www.csep.fr\/en\/wp-json\/wp\/v2\/pages\/153\/revisions\/704"}],"wp:attachment":[{"href":"https:\/\/www.csep.fr\/en\/wp-json\/wp\/v2\/media?parent=153"}],"curies":[{"name":"wp","href":"https:\/\/api.w.org\/{rel}","templated":true}]}}